{"id":64,"date":"2024-06-05T19:46:11","date_gmt":"2024-06-06T01:46:11","guid":{"rendered":"https:\/\/ariescomgamer.com\/?post_type=product&#038;p=64"},"modified":"2024-06-05T21:42:38","modified_gmt":"2024-06-06T03:42:38","slug":"procesador-amd-athlon-3000g-3-5ghz","status":"publish","type":"product","link":"https:\/\/ariescomgamer.com\/index.php\/producto\/procesador-amd-athlon-3000g-3-5ghz\/","title":{"rendered":"PROCESADOR AMD ATHLON 3000G 3.5GHZ"},"content":{"rendered":"<p>PROMOCI\u00d3N VIGENTE:<\/p>\n<p>SE INCLUYE MEJOR PROCESADOR: AMD ATHLON 3000G DE 3.5GHZ CON NUEVOS Y MEJORES GRAFICOS RADEON VEGA SIN COSTO ADICIONAL.<\/p>\n<p>* Procesador<br \/>\n&#8211; Marca: Procesador (APU) AMD A8-9600 a 3.1 GHz (hasta 3.4 GHz) con Gr\u00e1ficos Radeon R7 (Nueva Generaci\u00f3n)<br \/>\n&#8211; Marca: AMD<br \/>\n&#8211; L\u00ednea: A8<br \/>\n&#8211; Modelo: 9600<br \/>\n&#8211; Generaci\u00f3n: S\u00e9ptima Generaci\u00f3n<br \/>\n&#8211; Velocidad: 3.1 GHz (hasta 3.4 GHz)<br \/>\n&#8211; Cache L2: 2 MB<br \/>\n&#8211; Socket: Socket AM4<br \/>\n&#8211; N\u00facleos: 4 N\u00facleos<br \/>\n&#8211; Gr\u00e1ficos Integrados: Radeon R7 Series<br \/>\n&#8211; Frecuencia de Gr\u00e1ficos: 900 MHz<br \/>\n&#8211; Tecnolog\u00eda de Fabricaci\u00f3n: 28nm<br \/>\n&#8211; Soporta 64 bits: S\u00ed<br \/>\n&#8211; TDP: 65W<br \/>\n&#8211; Disipador: Incluido<br \/>\n&#8212;&#8212;&#8212;&#8212;&#8212;&#8212;&#8212;&#8212;&#8212;&#8212;&#8212;&#8212;&#8212;&#8212;&#8212;&#8212;-<br \/>\n* Tarjeta madre<br \/>\n&#8211; Conexi\u00f3n HDMI<br \/>\n&#8211; Marca: ASUS \/ ASROCK \/ BIOSTAR<br \/>\n&#8211; Modelo: A320M-K \/ A320M-HDV \/ A320MH-PRO<br \/>\n&#8211; AMD AM4 Socket Ryzen\u2122 con Radeon\u2122 Vega Graphics\/Ryzen\u2122 1ra Generaci\u00f3n\/7ma Generaci\u00f3n A-series\/Athlon X4 Processors Supports CPU up to 8 cores<br \/>\n&#8211; Memoria: AMD Ryzen\u2122 con Radeon\u2122 Vega Graphics\/ Ryzen\u2122 1st Generation Processors 2 x DIMM, Max. 32GB, DDR4 3200(O.C.)\/2933(O.C.)\/2666\/2400\/2133 MHz Un-buffered Memory AMD 7th Generation A-Series\/Athlon X4 Processors 2 x DIMM, Max. 32GB, DDR4 2400\/2133 MHz Un-buffered Memory Dual Channel Memory Architecture.<br \/>\n&#8211; Gr\u00e1fica: Integrated Graphics in the AMD Ryzen\u2122 with Radeon\u2122 Vega Graphics\/ 7th Generation A-Series APU Multi-VGA output support: HDMI\/RGB ports<br \/>\nSupports HDMI 1.4b con m\u00e1xima resoluci\u00f3n 4096 x 2160 @ 24 Hz \/ 2560 x 1600 @ 60 Hz<br \/>\nSupports RGB con m\u00e1xima resoluci\u00f3n 1920 x 1200 @ 60 Hz<br \/>\nMaximum shared memory of 2048 MB (for iGPU exclusively)<br \/>\n&#8211; Puertos de Expansi\u00f3n: AMD Ryzen\u2122 1st Generation Processors 1 x PCIe 3.0\/2.0 x16 (x16 or dual x8) AMD Ryzen\u2122 with Radeon\u2122 Vega Graphics \/7th Generation A-Series\/Athlon X4 Processors 1 x PCIe 3.0\/2.0 x16 (x8 mode) AMD A320 chipset 2 x PCIe 2.0 x1<br \/>\n&#8211; Almacenamiento: AMD A320 chipset: 4 x SATA 6Gb\/s port(s), gray, Support Raid 0, 1, 10<br \/>\n&#8211; AMD Ryzen\u2122 with Radeon\u2122 Vega Graphics\/ Ryzen\u2122 1st Generation Processors: 1 x M.2 Socket 3, with M key, type 2242\/2260\/2280 storage devices support (SATA &amp; PCIE 3.0 x 4 mode)<br \/>\n&#8211; AMD 7th Generation A-series\/Athlon\u2122 Processors: 1 x M.2 Socket 3, with M Key, type 2242\/2260\/2280 storage devices support (SATA &amp; PCIE 3.0 x 2 mode)<br \/>\n&#8211; LAN: Realtek\u00ae RTL8111H, 1 x Gigabit LAN Controller(s)<br \/>\n&#8211; Audio: Realtek\u00ae ALC887 8-Channel High Definition Audio CODEC<br \/>\n&#8211; Puertos USB: AMD Ryzen\u2122 2nd Generation\/ Ryzen\u2122 con Radeon\u2122 Vega Graphics\/ Ryzen\u2122 1st Generation\/7th Generation A-Series\/Athlon X4 Processors: 4 x USB 3.1 Gen 1 port(s) (4 at back panel, blue). AMD A320 chipset: 2 x USB 3.0 port(s) (2 at mid-board) AMD A320 chipset: 6 x USB 2.0 port(s) (2 at back panel, 4 at mid-board)<br \/>\n&#8211; Capacidades especiales:<br \/>\nASUS 5X Protection III:<br \/>\nASUS SafeSlot Core: Fortified PCIe Slot prevents damage<br \/>\nASUS LANGuard: Protects against LAN surges, lightning strikes and static-electricity discharges!<br \/>\nASUS Overvoltage Protection: World-class circuit-protecting power design<br \/>\nASUS Stainless-Steel Back I\/O: 3X corrosion-resistance for greater durability!<br \/>\nASUS DIGI+ VRM: 6 Phase digital power design<br \/>\nASUS Exclusive Features:<br \/>\nAI Suite 3<br \/>\nAi Charger<br \/>\nASUS Quiet Thermal Solution:<br \/>\nStylish Fanless Design Heat-sink solution<br \/>\nASUS Fan Xpert<br \/>\nASUS EZ DIY:<br \/>\nASUS CrashFree BIOS 3<br \/>\nASUS EZ Flash 3<br \/>\nASUS UEFI BIOS EZ Mode<br \/>\nMulti-language BIOS<br \/>\nASUS Q-Design:<br \/>\nASUS Q-Slot<br \/>\nASUS Q-DIMM<br \/>\n&#8211; Sistema operativo soportado: Windows\u00ae 10, 64bits<br \/>\n&#8211; Puertos posteriores I\/O:<br \/>\n1 x PS\/2 keyboard (purple)<br \/>\n1 x PS\/2 mouse (green)<br \/>\n1 x D-Sub<br \/>\n1 x HDMI<br \/>\n1 x LAN (RJ45) port(s)<br \/>\n4 x USB 3.1 Gen 1 (blue),<br \/>\n2 x USB 2.0<br \/>\n3 x Audio jack(s)<br \/>\n&#8211; Internal I\/O:<br \/>\n1 x USB 3.1 Gen 1(up to 5Gbps) connector(s) support(s) additional 2 USB 3.1 Gen 1 port(s) (19-pin)<br \/>\n2 x USB 2.0 connector(s) support(s) additional 4 USB 2.0 port(s)<br \/>\n1 x M.2 Socket 3 with M key, type 2242\/2260\/2280 storage devices support (SATA &amp; PCIE 3.0 x 4 mode)<br \/>\n1 x COM port(s) connector(s)<br \/>\n4 x SATA 6Gb\/s connector(s)<br \/>\n1 x CPU Fan connector(s) (1 x 4 -pin)<br \/>\n1 x Chassis Fan connector(s) (1 x 4 -pin)<br \/>\n1 x S\/PDIF out header(s)<br \/>\n1 x 24-pin EATX Power connector(s)<br \/>\n1 x 4-pin ATX 12V Power connector(s)<br \/>\n1 x Front panel audio connector(s) (AAFP)<br \/>\n1 x System panel(s)<br \/>\n1 x Clear CMOS jumper(s)<br \/>\n1 x Speaker connector<br \/>\n&#8211; Accesorios:<br \/>\nUser&#8217;s manual<br \/>\nI\/O Shield<br \/>\n2 x SATA 6Gb\/s cable(s)<br \/>\n1 x M.2 Screw Package<br \/>\n1 x Supporting DVD<br \/>\n&#8211; BIOS: 128 Mb Flash ROM, UEFI AMI BIOS, PnP,WfM2.0, SM BIOS 3.0, ACPI 6.1, Multi-language BIOS, ASUS EZ Flash 3, ASUS CrashFree BIOS 3, My Favorites, Last Modified log, F12 PrintScreen, ASUS DRAM SPD (Serial Presence Detect) memory information, F6 Qfan Control.<br \/>\n&#8211; Sistema operativo: Windows\u00ae 10 64-bit<br \/>\n&#8211; Form Factor: Micro ATX Form Factor 8.9 inch x 8.7 inch (22.6 cm x 22.1 cm)<br \/>\n&#8212;&#8212;&#8212;&#8212;&#8212;&#8212;&#8212;&#8212;&#8212;&#8212;&#8212;&#8212;&#8212;&#8212;&#8212;&#8212;-<br \/>\n* Memoria RAM<br \/>\n&#8211; Tama\u00f1o de RAM: 8GB<br \/>\n&#8211; Tipo de memoria del equipo: DDR4 de 2133 MHz<br \/>\n&#8212;&#8212;&#8212;&#8212;&#8212;&#8212;&#8212;&#8212;&#8212;&#8212;&#8212;&#8212;&#8212;&#8212;&#8212;&#8212;-<br \/>\n* Disco duro<br \/>\n&#8211; Tama\u00f1o de la unidad de disco duro: 1TB<br \/>\n&#8211; Descripci\u00f3n del disco duro: Interno de 3.5&#8243;<br \/>\n&#8211; Interfaz de la unidad de disco duro: Serial ATA<br \/>\n&#8212;&#8212;&#8212;&#8212;&#8212;&#8212;&#8212;&#8212;&#8212;&#8212;&#8212;&#8212;&#8212;&#8212;&#8212;&#8212;-<br \/>\n* Gabinete<br \/>\n&#8211; A elegir (acorde a disponibilidad)<br \/>\n&#8212;&#8212;&#8212;&#8212;&#8212;&#8212;&#8212;&#8212;&#8212;&#8212;&#8212;&#8212;&#8212;&#8212;&#8212;&#8212;-<br \/>\n* Fuente<br \/>\n&#8211; De 450w<\/p>\n","protected":false},"excerpt":{"rendered":"<p>PROMOCI\u00d3N VIGENTE: SE INCLUYE MEJOR PROCESADOR: AMD ATHLON 3000G DE 3.5GHZ CON NUEVOS Y MEJORES GRAFICOS RADEON VEGA SIN COSTO ADICIONAL. * Procesador &#8211; Marca: Procesador (APU) AMD A8-9600 a 3.1 GHz (hasta 3.4 GHz) con Gr\u00e1ficos Radeon R7 (Nueva Generaci\u00f3n) &#8211; Marca: AMD &#8211; L\u00ednea: A8 &#8211; Modelo: 9600 &#8211; Generaci\u00f3n: S\u00e9ptima Generaci\u00f3n &#8211; [&hellip;]<\/p>\n","protected":false},"featured_media":60,"comment_status":"open","ping_status":"closed","template":"","meta":[],"product_cat":[16],"product_tag":[],"_links":{"self":[{"href":"https:\/\/ariescomgamer.com\/index.php\/wp-json\/wp\/v2\/product\/64"}],"collection":[{"href":"https:\/\/ariescomgamer.com\/index.php\/wp-json\/wp\/v2\/product"}],"about":[{"href":"https:\/\/ariescomgamer.com\/index.php\/wp-json\/wp\/v2\/types\/product"}],"replies":[{"embeddable":true,"href":"https:\/\/ariescomgamer.com\/index.php\/wp-json\/wp\/v2\/comments?post=64"}],"wp:featuredmedia":[{"embeddable":true,"href":"https:\/\/ariescomgamer.com\/index.php\/wp-json\/wp\/v2\/media\/60"}],"wp:attachment":[{"href":"https:\/\/ariescomgamer.com\/index.php\/wp-json\/wp\/v2\/media?parent=64"}],"wp:term":[{"taxonomy":"product_cat","embeddable":true,"href":"https:\/\/ariescomgamer.com\/index.php\/wp-json\/wp\/v2\/product_cat?post=64"},{"taxonomy":"product_tag","embeddable":true,"href":"https:\/\/ariescomgamer.com\/index.php\/wp-json\/wp\/v2\/product_tag?post=64"}],"curies":[{"name":"wp","href":"https:\/\/api.w.org\/{rel}","templated":true}]}}