{"id":58,"date":"2024-06-05T19:38:07","date_gmt":"2024-06-06T01:38:07","guid":{"rendered":"https:\/\/ariescomgamer.com\/?post_type=product&#038;p=58"},"modified":"2024-06-05T19:38:07","modified_gmt":"2024-06-06T01:38:07","slug":"procesador-j4005i-c-intel-celeron-j4005i","status":"publish","type":"product","link":"https:\/\/ariescomgamer.com\/index.php\/producto\/procesador-j4005i-c-intel-celeron-j4005i\/","title":{"rendered":"PROCESADOR J4005I-C INTEL CELERON J4005I"},"content":{"rendered":"<p>Pc de escritorio solo agrega tu monitor preferido HD o incluso 4k<br \/>\n(soporta monitores con entrada HDMI y VGA capacidad de hasta 2 monitores simult\u00e1neos)<\/p>\n<p>-\u00a1\u00a1\u00a1Elegante dise\u00f1o y discreto, olvida esos gabinetes viejos y da un mejor aspecto a tu \u00e1rea de trabajo!!!<\/p>\n<p>-Es ideal para trabajos de ofim\u00e1tica, escolar, trabajos de internet, programas basicos, entre otros \u00a1\u00a1No tendr\u00e1s que preocuparte por abrir un programa o encenderla!!; ya que posee su disco duro es de estado solido esto hace hasta 10 veces mas r\u00e1pido que un disco duro convencional.<\/p>\n<p>-Te olvidaras por completo de los tiempos largos de esper encender\u00e1 en 40 segundos y abrir\u00e1 cualquier programa en menos de 10 segundos \u00a1GARANTIZADO!<\/p>\n<p>-As\u00ed, su procesador Intel\u00ae Celeron\u00ae Dual-core J4005 con gr\u00e1ficos integrados de alta definici\u00f3n, adem\u00e1s con 8 GB de memoria RAM podr\u00e1s tener varios programas abiertos sin ning\u00fan problema, y abrir cada programa o encender mas rapido por su SSD teniendo la mejor relacion precio-calidad en PC.<\/p>\n<p>-\u00bfJornadas largas de trabajo?<br \/>\nCuenta con una buena ventilaci\u00f3n se hacen pruebas para garantizar que el procesador no se sobrecalienta y garantiza que trabajes con ella durante todo el d\u00eda sin problemas.<br \/>\n(siempre se recomienda uso de regulador de voltaje, no brake)<\/p>\n<p>-Incluye instalaci\u00f3n de prueba de paqueter\u00eda office (word, excel, powerpoint y todos los programas de la suite) comienza a trabajar desde que la instalas<\/p>\n<p>Windows 10 pro de prueba<\/p>\n<p>Ficha t\u00e9cnica:<br \/>\nTarjeta madre PRIME J4005I-C con procesador celeron 2 nucleos<br \/>\nGabinete Acteck kioto GC220 500w<br \/>\nSSD 240 GB<br \/>\nConexi\u00f3n Ethernet<br \/>\nConexion wifi por adaptador USB<br \/>\nRAM 8 GB DDR4<\/p>\n<p>Puertos Traseros<br \/>\n1 x teclado PS\/2 (p\u00farpura)<br \/>\n1 x rat\u00f3n PS\/2 (verde)<br \/>\n1 x D-Sub VGA<br \/>\n1 x HDMI<br \/>\n1 x puerto(s) LAN (RJ45)<br \/>\n2 x USB 3.1 Gen 1,<br \/>\n2 x USB 2.0<br \/>\n1 x COM puerto(s)<br \/>\n3 x conector(es) de audio<\/p>\n<p>&#8212;&#8212;Probada y con garant\u00eda, su encendido eficaz de tan solo menos de 40 segundos&#8212;&#8212;-<\/p>\n<p>Medidas 35 x 30 x 15.5 cm<\/p>\n","protected":false},"excerpt":{"rendered":"<p>Pc de escritorio solo agrega tu monitor preferido HD o incluso 4k (soporta monitores con entrada HDMI y VGA capacidad de hasta 2 monitores simult\u00e1neos) -\u00a1\u00a1\u00a1Elegante dise\u00f1o y discreto, olvida esos gabinetes viejos y da un mejor aspecto a tu \u00e1rea de trabajo!!! -Es ideal para trabajos de ofim\u00e1tica, escolar, trabajos de internet, programas basicos, [&hellip;]<\/p>\n","protected":false},"featured_media":59,"comment_status":"open","ping_status":"closed","template":"","meta":[],"product_cat":[16],"product_tag":[],"_links":{"self":[{"href":"https:\/\/ariescomgamer.com\/index.php\/wp-json\/wp\/v2\/product\/58"}],"collection":[{"href":"https:\/\/ariescomgamer.com\/index.php\/wp-json\/wp\/v2\/product"}],"about":[{"href":"https:\/\/ariescomgamer.com\/index.php\/wp-json\/wp\/v2\/types\/product"}],"replies":[{"embeddable":true,"href":"https:\/\/ariescomgamer.com\/index.php\/wp-json\/wp\/v2\/comments?post=58"}],"wp:featuredmedia":[{"embeddable":true,"href":"https:\/\/ariescomgamer.com\/index.php\/wp-json\/wp\/v2\/media\/59"}],"wp:attachment":[{"href":"https:\/\/ariescomgamer.com\/index.php\/wp-json\/wp\/v2\/media?parent=58"}],"wp:term":[{"taxonomy":"product_cat","embeddable":true,"href":"https:\/\/ariescomgamer.com\/index.php\/wp-json\/wp\/v2\/product_cat?post=58"},{"taxonomy":"product_tag","embeddable":true,"href":"https:\/\/ariescomgamer.com\/index.php\/wp-json\/wp\/v2\/product_tag?post=58"}],"curies":[{"name":"wp","href":"https:\/\/api.w.org\/{rel}","templated":true}]}}